{"id":3,"date":"2023-11-20T14:25:56","date_gmt":"2023-11-20T14:25:56","guid":{"rendered":"http:\/\/orderandpayonline.eu\/?page_id=3"},"modified":"2024-01-11T10:36:38","modified_gmt":"2024-01-11T09:36:38","slug":"privacy-policy","status":"publish","type":"page","link":"http:\/\/orderandpayonline.eu\/sl\/privacy-policy\/","title":{"rendered":"Pravilnik o zasebnosti"},"content":{"rendered":"\n<h4 class=\"wp-block-heading has-large-font-size\">Uvod <\/h4>\n\n\n\n<p>Dobrodo\u0161li na <a href=\"http:\/\/orderandpayonline.eu\">spletni strani Order &amp; Pay Online Powered by Mintable<\/a>. Va\u0161a zasebnost je za nas izjemnega pomena. Ta politika zasebnosti pojasnjuje, kako zbiramo, uporabljamo, varujemo in obdelujemo va\u0161e osebne podatke. <\/p>\n\n\n\n<h4 class=\"wp-block-heading\">Zbiranje Osebnih Podatkov<\/h4>\n\n\n\n<p>Preko na\u0161ega kontaktnega obrazca na spletni strani zbiramo naslednje osebne podatke: ime in priimek, podjetje, mesto in dr\u017eavo ter email naslov.<\/p>\n\n\n\n<p>Poleg omenjenga obrazca uporabljamo tudi pi\u0161kotke. Ve\u010d o pi\u0161kotkih si preberite v <a href=\"http:\/\/orderandpayonline.eu\/pravilnik-o-piskotkih-eu\/\" data-type=\"link\" data-id=\"http:\/\/orderandpayonline.eu\/pravilnik-o-piskotkih-eu\/\">pravilniku o pi\u0161kotkih<\/a>. <\/p>\n\n\n\n<p>Poleg neposredno zbranih informacij lahko zbiramo tudi podatke o va\u0161i uporabi na\u0161e spletne strani in povezanih storitev od na\u0161ih partnerskih storitev tretjih oseb, kot je Google Analytics. Te informacije nam pomagajo bolje razumeti va\u0161e interakcije z na\u0161o spletno stranjo, kar vklju\u010duje analizo pogostosti obiska dolo\u010denih delov spletnega mesta. Ta vpogled uporabljamo za izbolj\u0161anje in prilagoditev va\u0161e izku\u0161nje na na\u0161i spletni strani, da lahko \u0161e naprej zagotavljamo vsebine in funkcije, ki so za vas najbolj relevantne in koristne.<\/p>\n\n\n\n<h4 class=\"wp-block-heading\">Namen Obdelave Podatkov<\/h4>\n\n\n\n<p>Zbrane podatke uporabljamo izklju\u010dno za namene odzivanja na va\u0161a povpra\u0161evanja, komunikacije z vami ter po\u0161iljanja informacij o na\u0161ih storitvah, \u010de ste se strinjali s prejemanjem tak\u0161nih informacij.<\/p>\n\n\n\n<h4 class=\"wp-block-heading\">Varovanje Va\u0161ih Podatkov<\/h4>\n\n\n\n<p>Zavezani smo k varovanju va\u0161ih osebnih podatkov. Uporabljamo ustrezne varnostne ukrepe, da prepre\u010dimo nepoobla\u0161\u010den dostop, razkritje, spremembo ali uni\u010denje va\u0161ih osebnih podatkov.<\/p>\n\n\n\n<h4 class=\"wp-block-heading\">Rok Hranjenja Podatkov<\/h4>\n\n\n\n<p>Va\u0161e osebne podatke hranimo le toliko \u010dasa, kolikor je potrebno za izpolnitev namenov, za katere so bili zbrani, ali za izpolnitev zakonskih zahtev.<\/p>\n\n\n\n<h4 class=\"wp-block-heading\">Va\u0161e Pravice<\/h4>\n\n\n\n<p>Imate pravico do dostopa do svojih osebnih podatkov, njihovega popravka, izbrisa, ugovora ali omejitve njihove obdelave. Za uveljavljanje teh pravic se lahko kadarkoli obrnete na nas preko kontaktnih podatkov, navedenih spodaj.<\/p>\n\n\n\n<h4 class=\"wp-block-heading\">Kontakt<\/h4>\n\n\n\n<p>Za vsa vpra\u0161anja v zvezi z va\u0161imi osebnimi podatki ali s to politiko zasebnosti nas prosimo kontaktirajte na [<a href=\"http:\/\/orderandpayonline.eu\/kontakt\/\" data-type=\"link\" data-id=\"http:\/\/orderandpayonline.eu\/kontakt\/\">kontaktni obrazec<\/a>]. <\/p>\n\n\n\n<h4 class=\"wp-block-heading\">Spremembe te Politike Zasebnosti<\/h4>\n\n\n\n<p>Ta politika zasebnosti se lahko ob\u010dasno spremeni. O vseh spremembah vas bomo obvestili na tej spletni strani.<\/p>\n","protected":false},"excerpt":{"rendered":"<p>Uvod Dobrodo\u0161li na spletni strani Order &amp; Pay Online Powered by Mintable. Va\u0161a zasebnost je za nas izjemnega pomena. Ta politika zasebnosti pojasnjuje, kako zbiramo, uporabljamo, varujemo in obdelujemo va\u0161e osebne podatke. Zbiranje Osebnih Podatkov Preko na\u0161ega kontaktnega obrazca na spletni strani zbiramo naslednje osebne podatke: ime in priimek, podjetje, mesto in dr\u017eavo ter email [&hellip;]<\/p>\n","protected":false},"author":1,"featured_media":0,"parent":0,"menu_order":0,"comment_status":"closed","ping_status":"open","template":"","meta":{"tpgb_global_settings":"","_kadence_starter_templates_imported_post":false,"footnotes":""},"class_list":["post-3","page","type-page","status-publish","hentry"],"yoast_head":"<!-- This site is optimized with the Yoast SEO Premium plugin v23.0 (Yoast SEO v24.6) - https:\/\/yoast.com\/wordpress\/plugins\/seo\/ -->\n<title>Pravilnik o zasebnosti - No Blog Title Set<\/title>\n<meta name=\"robots\" content=\"index, follow, max-snippet:-1, max-image-preview:large, max-video-preview:-1\" \/>\n<link rel=\"canonical\" href=\"http:\/\/orderandpayonline.eu\/sl\/privacy-policy\/\" \/>\n<meta property=\"og:locale\" content=\"sl_SI\" \/>\n<meta property=\"og:type\" content=\"article\" \/>\n<meta property=\"og:title\" content=\"Pravilnik o zasebnosti\" \/>\n<meta property=\"og:description\" content=\"Uvod Dobrodo\u0161li na spletni strani Order &amp; Pay Online Powered by Mintable. Va\u0161a zasebnost je za nas izjemnega pomena. Ta politika zasebnosti pojasnjuje, kako zbiramo, uporabljamo, varujemo in obdelujemo va\u0161e osebne podatke. Zbiranje Osebnih Podatkov Preko na\u0161ega kontaktnega obrazca na spletni strani zbiramo naslednje osebne podatke: ime in priimek, podjetje, mesto in dr\u017eavo ter email [&hellip;]\" \/>\n<meta property=\"og:url\" content=\"http:\/\/orderandpayonline.eu\/sl\/privacy-policy\/\" \/>\n<meta property=\"og:site_name\" content=\"No Blog Title Set\" \/>\n<meta property=\"article:modified_time\" content=\"2024-01-11T09:36:38+00:00\" \/>\n<meta name=\"twitter:card\" content=\"summary_large_image\" \/>\n<meta name=\"twitter:label1\" content=\"Est. reading time\" \/>\n\t<meta name=\"twitter:data1\" content=\"2 minuti\" \/>\n<script type=\"application\/ld+json\" class=\"yoast-schema-graph\">{\"@context\":\"https:\/\/schema.org\",\"@graph\":[{\"@type\":\"WebPage\",\"@id\":\"http:\/\/orderandpayonline.eu\/sl\/privacy-policy\/\",\"url\":\"http:\/\/orderandpayonline.eu\/sl\/privacy-policy\/\",\"name\":\"Pravilnik o zasebnosti - No Blog Title Set\",\"isPartOf\":{\"@id\":\"https:\/\/orderandpayonline.eu\/#website\"},\"datePublished\":\"2023-11-20T14:25:56+00:00\",\"dateModified\":\"2024-01-11T09:36:38+00:00\",\"breadcrumb\":{\"@id\":\"http:\/\/orderandpayonline.eu\/sl\/privacy-policy\/#breadcrumb\"},\"inLanguage\":\"sl-SI\",\"potentialAction\":[{\"@type\":\"ReadAction\",\"target\":[\"http:\/\/orderandpayonline.eu\/sl\/privacy-policy\/\"]}]},{\"@type\":\"BreadcrumbList\",\"@id\":\"http:\/\/orderandpayonline.eu\/sl\/privacy-policy\/#breadcrumb\",\"itemListElement\":[{\"@type\":\"ListItem\",\"position\":1,\"name\":\"Home\",\"item\":\"http:\/\/orderandpayonline.eu\/sl\/\"},{\"@type\":\"ListItem\",\"position\":2,\"name\":\"Pravilnik o zasebnosti\"}]},{\"@type\":\"WebSite\",\"@id\":\"https:\/\/orderandpayonline.eu\/#website\",\"url\":\"https:\/\/orderandpayonline.eu\/\",\"name\":\"Order & Pay Online\",\"description\":\"\",\"publisher\":{\"@id\":\"https:\/\/orderandpayonline.eu\/#organization\"},\"potentialAction\":[{\"@type\":\"SearchAction\",\"target\":{\"@type\":\"EntryPoint\",\"urlTemplate\":\"https:\/\/orderandpayonline.eu\/?s={search_term_string}\"},\"query-input\":{\"@type\":\"PropertyValueSpecification\",\"valueRequired\":true,\"valueName\":\"search_term_string\"}}],\"inLanguage\":\"sl-SI\"},{\"@type\":\"Organization\",\"@id\":\"https:\/\/orderandpayonline.eu\/#organization\",\"name\":\"Mintable\",\"url\":\"https:\/\/orderandpayonline.eu\/\",\"logo\":{\"@type\":\"ImageObject\",\"inLanguage\":\"sl-SI\",\"@id\":\"https:\/\/orderandpayonline.eu\/#\/schema\/logo\/image\/\",\"url\":\"http:\/\/orderandpayonline.eu\/wp-content\/uploads\/2024\/01\/Artboard-2.png\",\"contentUrl\":\"http:\/\/orderandpayonline.eu\/wp-content\/uploads\/2024\/01\/Artboard-2.png\",\"width\":2467,\"height\":819,\"caption\":\"Mintable\"},\"image\":{\"@id\":\"https:\/\/orderandpayonline.eu\/#\/schema\/logo\/image\/\"}}]}<\/script>\n<!-- \/ Yoast SEO Premium plugin. -->","yoast_head_json":{"title":"Pravilnik o zasebnosti - No Blog Title Set","robots":{"index":"index","follow":"follow","max-snippet":"max-snippet:-1","max-image-preview":"max-image-preview:large","max-video-preview":"max-video-preview:-1"},"canonical":"http:\/\/orderandpayonline.eu\/sl\/privacy-policy\/","og_locale":"sl_SI","og_type":"article","og_title":"Pravilnik o zasebnosti","og_description":"Uvod Dobrodo\u0161li na spletni strani Order &amp; Pay Online Powered by Mintable. Va\u0161a zasebnost je za nas izjemnega pomena. Ta politika zasebnosti pojasnjuje, kako zbiramo, uporabljamo, varujemo in obdelujemo va\u0161e osebne podatke. Zbiranje Osebnih Podatkov Preko na\u0161ega kontaktnega obrazca na spletni strani zbiramo naslednje osebne podatke: ime in priimek, podjetje, mesto in dr\u017eavo ter email [&hellip;]","og_url":"http:\/\/orderandpayonline.eu\/sl\/privacy-policy\/","og_site_name":"No Blog Title Set","article_modified_time":"2024-01-11T09:36:38+00:00","twitter_card":"summary_large_image","twitter_misc":{"Est. reading time":"2 minuti"},"schema":{"@context":"https:\/\/schema.org","@graph":[{"@type":"WebPage","@id":"http:\/\/orderandpayonline.eu\/sl\/privacy-policy\/","url":"http:\/\/orderandpayonline.eu\/sl\/privacy-policy\/","name":"Pravilnik o zasebnosti - No Blog Title Set","isPartOf":{"@id":"https:\/\/orderandpayonline.eu\/#website"},"datePublished":"2023-11-20T14:25:56+00:00","dateModified":"2024-01-11T09:36:38+00:00","breadcrumb":{"@id":"http:\/\/orderandpayonline.eu\/sl\/privacy-policy\/#breadcrumb"},"inLanguage":"sl-SI","potentialAction":[{"@type":"ReadAction","target":["http:\/\/orderandpayonline.eu\/sl\/privacy-policy\/"]}]},{"@type":"BreadcrumbList","@id":"http:\/\/orderandpayonline.eu\/sl\/privacy-policy\/#breadcrumb","itemListElement":[{"@type":"ListItem","position":1,"name":"Home","item":"http:\/\/orderandpayonline.eu\/sl\/"},{"@type":"ListItem","position":2,"name":"Pravilnik o zasebnosti"}]},{"@type":"WebSite","@id":"https:\/\/orderandpayonline.eu\/#website","url":"https:\/\/orderandpayonline.eu\/","name":"Order & Pay Online","description":"","publisher":{"@id":"https:\/\/orderandpayonline.eu\/#organization"},"potentialAction":[{"@type":"SearchAction","target":{"@type":"EntryPoint","urlTemplate":"https:\/\/orderandpayonline.eu\/?s={search_term_string}"},"query-input":{"@type":"PropertyValueSpecification","valueRequired":true,"valueName":"search_term_string"}}],"inLanguage":"sl-SI"},{"@type":"Organization","@id":"https:\/\/orderandpayonline.eu\/#organization","name":"Mintable","url":"https:\/\/orderandpayonline.eu\/","logo":{"@type":"ImageObject","inLanguage":"sl-SI","@id":"https:\/\/orderandpayonline.eu\/#\/schema\/logo\/image\/","url":"http:\/\/orderandpayonline.eu\/wp-content\/uploads\/2024\/01\/Artboard-2.png","contentUrl":"http:\/\/orderandpayonline.eu\/wp-content\/uploads\/2024\/01\/Artboard-2.png","width":2467,"height":819,"caption":"Mintable"},"image":{"@id":"https:\/\/orderandpayonline.eu\/#\/schema\/logo\/image\/"}}]}},"tpgb_featured_images":null,"tpgb_post_meta_info":{"get_date":"20. novembra, 2023","get_modified_date":"11. januarja, 2024","author_name":"zidarp@mint.si","author_url":"http:\/\/orderandpayonline.eu\/sl\/author\/zidarpmint-si\/","author_email":"pavle.zidar@mint.si","author_website":"http:\/\/orderandpayonline.eu","author_description":"","author_facebook":"","author_twitter":"","author_instagram":"","author_role":["administrator"],"author_firstname":"","author_lastname":"","user_login":"zidarp@mint.si","author_avatar":"<img alt='' src='https:\/\/secure.gravatar.com\/avatar\/120afb64381ff51cbd9211b6b238b02f6be7646f6cf3cea0691759254ca5100e?s=200&#038;d=mm&#038;r=g' srcset='https:\/\/secure.gravatar.com\/avatar\/120afb64381ff51cbd9211b6b238b02f6be7646f6cf3cea0691759254ca5100e?s=400&#038;d=mm&#038;r=g 2x' class='avatar avatar-200 photo' height='200' width='200' loading='lazy' decoding='async'\/>","author_avatar_url":"https:\/\/secure.gravatar.com\/avatar\/120afb64381ff51cbd9211b6b238b02f6be7646f6cf3cea0691759254ca5100e?s=96&d=mm&r=g","comment_count":0,"post_likes":0,"post_views":0},"tpgb_post_category":[],"_links":{"self":[{"href":"http:\/\/orderandpayonline.eu\/sl\/wp-json\/wp\/v2\/pages\/3","targetHints":{"allow":["GET"]}}],"collection":[{"href":"http:\/\/orderandpayonline.eu\/sl\/wp-json\/wp\/v2\/pages"}],"about":[{"href":"http:\/\/orderandpayonline.eu\/sl\/wp-json\/wp\/v2\/types\/page"}],"author":[{"embeddable":true,"href":"http:\/\/orderandpayonline.eu\/sl\/wp-json\/wp\/v2\/users\/1"}],"replies":[{"embeddable":true,"href":"http:\/\/orderandpayonline.eu\/sl\/wp-json\/wp\/v2\/comments?post=3"}],"version-history":[{"count":5,"href":"http:\/\/orderandpayonline.eu\/sl\/wp-json\/wp\/v2\/pages\/3\/revisions"}],"predecessor-version":[{"id":752,"href":"http:\/\/orderandpayonline.eu\/sl\/wp-json\/wp\/v2\/pages\/3\/revisions\/752"}],"wp:attachment":[{"href":"http:\/\/orderandpayonline.eu\/sl\/wp-json\/wp\/v2\/media?parent=3"}],"curies":[{"name":"wp","href":"https:\/\/api.w.org\/{rel}","templated":true}]}}