{"id":2722,"date":"2024-08-22T11:03:16","date_gmt":"2024-08-22T09:03:16","guid":{"rendered":"http:\/\/orderandpayonline.eu\/?page_id=2722"},"modified":"2025-06-18T13:52:09","modified_gmt":"2025-06-18T11:52:09","slug":"cross-selling","status":"publish","type":"page","link":"http:\/\/orderandpayonline.eu\/sl\/cross-selling\/","title":{"rendered":"Cross-selling"},"content":{"rendered":"\n<div class=\"wp-block-group alignfull has-base-background-color has-background has-global-padding is-layout-constrained wp-container-core-group-is-layout-d89aad35 wp-block-group-is-layout-constrained\" style=\"margin-top:0;margin-bottom:0;padding-top:var(--wp--preset--spacing--50);padding-right:var(--wp--preset--spacing--50);padding-bottom:var(--wp--preset--spacing--50);padding-left:var(--wp--preset--spacing--50)\">\n<div class=\"wp-block-columns alignwide is-layout-flex wp-container-core-columns-is-layout-549b0c86 wp-block-columns-is-layout-flex\">\n<div class=\"wp-block-column has-global-padding is-content-justification-left is-layout-constrained wp-container-core-column-is-layout-4f15e8fe wp-block-column-is-layout-constrained\" style=\"flex-basis:40%\">\n<p class=\"has-text-align-left has-large-font-size\"><strong>Cross-selling<\/strong><\/p>\n\n\n\n<p class=\"has-text-align-left has-medium-font-size\">Poka\u017eite svojim gostom celotno ponudbo na prvi pogled in kje jo lahko dobijo!<\/p>\n<\/div>\n\n\n\n<div class=\"wp-block-column is-layout-flow wp-container-core-column-is-layout-119bc444 wp-block-column-is-layout-flow\" style=\"flex-basis:60%\">\n<p class=\"has-large-font-size\" style=\"font-style:normal;font-weight:700;line-height:1.5\">V sodobnem gostinstvu je pomembno, da gostom omogo\u010dite enostaven dostop do celotne ponudbe va\u0161ih storitev.<\/p>\n\n\n\n<div class=\"wp-block-columns is-layout-flex wp-container-core-columns-is-layout-87beb0d0 wp-block-columns-is-layout-flex\">\n<div class=\"wp-block-column is-layout-flow wp-block-column-is-layout-flow\">\n<p style=\"font-size:clamp(14px, 0.875rem + ((1vw - 3.2px) * 0.417), 18px);font-style:normal;font-weight:400\">Na\u0161 <strong>Cross-selling sistem<\/strong> omogo\u010da zdru\u017eevanje ve\u010d lokacij in storitev v eno samo platformo, kar va\u0161im gostom omogo\u010da, da naro\u010dijo, rezervirajo in pla\u010dajo vse, kar potrebujejo, prek ene aplikacije.<\/p>\n<\/div>\n\n\n\n<div class=\"wp-block-column is-layout-flow wp-block-column-is-layout-flow\">\n<p style=\"font-size:clamp(14px, 0.875rem + ((1vw - 3.2px) * 0.417), 18px);font-style:normal;font-weight:400\">Z <strong>Order &amp; Pay Online<\/strong> lahko va\u0161i gostje enostavno pregledujejo in izbirajo iz celotne ponudbe \u2013 od rezervacij miz, naro\u010dil hrane in pija\u010de do nakupa vstopnic in rezervacije do\u017eivetij. Vse to je mo\u017eno izvesti prek ene same aplikacije, kar pove\u010duje priro\u010dnost in udobje za uporabnike.<\/p>\n<\/div>\n<\/div>\n<\/div>\n<\/div>\n<\/div>\n\n\n\n<div class=\"wp-block-cover alignfull is-light has-parallax has-custom-content-position is-position-center-right\" style=\"padding-top:var(--wp--preset--spacing--50);padding-right:var(--wp--preset--spacing--50);padding-bottom:var(--wp--preset--spacing--50);padding-left:var(--wp--preset--spacing--50);min-height:100vh;aspect-ratio:unset;\"><div class=\"wp-block-cover__image-background wp-image-2066 has-parallax\" style=\"background-position:50% 50%;background-image:url(http:\/\/orderandpayonline.eu\/wp-content\/uploads\/2024\/08\/woman-taking-photo-sliced-pizza-cup-coffee-scaled.jpg)\"><\/div><span aria-hidden=\"true\" class=\"wp-block-cover__background has-base-background-color has-background-dim-0 has-background-dim\"><\/span><div class=\"wp-block-cover__inner-container has-global-padding is-layout-constrained wp-container-core-cover-is-layout-e4fd886c wp-block-cover-is-layout-constrained\">\n<div style=\"height:500px\" aria-hidden=\"true\" class=\"wp-block-spacer\"><\/div>\n<\/div><\/div>\n\n\n\n<div class=\"wp-block-group alignfull has-base-2-background-color has-background is-content-justification-center is-nowrap is-layout-flex wp-container-core-group-is-layout-cbff0c7b wp-block-group-is-layout-flex\" style=\"border-style:none;border-width:0px;border-radius:0px;margin-top:0;margin-bottom:0;padding-top:var(--wp--preset--spacing--50);padding-right:0;padding-bottom:var(--wp--preset--spacing--50);padding-left:0;background-position:50% 0;\">\n<div class=\"wp-block-group is-vertical is-content-justification-center is-layout-flex wp-container-core-group-is-layout-52b864f0 wp-block-group-is-layout-flex\">\n<div style=\"height:0px\" aria-hidden=\"true\" class=\"wp-block-spacer wp-container-content-4f2ccadb\"><\/div>\n<\/div>\n\n\n\n<div class=\"wp-block-group alignfull has-base-2-background-color has-background has-global-padding is-layout-constrained wp-container-core-group-is-layout-c2b2fbd7 wp-block-group-is-layout-constrained\" style=\"margin-top:0;margin-bottom:0;padding-top:var(--wp--preset--spacing--20);padding-right:var(--wp--preset--spacing--50);padding-bottom:var(--wp--preset--spacing--20);padding-left:var(--wp--preset--spacing--50)\">\n<div class=\"wp-block-group is-vertical is-content-justification-center is-layout-flex wp-container-core-group-is-layout-52b864f0 wp-block-group-is-layout-flex\">\n<h2 class=\"wp-block-heading has-text-align-left is-style-default\" id=\"h-povecanje-prodaje-in-izkusnja-na-enem-mestu\">Pove\u010danje prodaje in izku\u0161nja na enem mestu<\/h2>\n\n\n\n<div style=\"height:0px\" aria-hidden=\"true\" class=\"wp-block-spacer wp-container-content-4f2ccadb\"><\/div>\n<\/div>\n\n\n\n<div style=\"margin-top:0;margin-bottom:0;height:var(--wp--preset--spacing--40)\" aria-hidden=\"true\" class=\"wp-block-spacer\"><\/div>\n\n\n\n<div class=\"wp-block-group alignwide has-global-padding is-layout-constrained wp-block-group-is-layout-constrained\">\n<div class=\"wp-block-columns alignwide is-layout-flex wp-container-core-columns-is-layout-bbde3e25 wp-block-columns-is-layout-flex\" style=\"padding-top:0;padding-right:0;padding-bottom:0;padding-left:0\">\n<div class=\"wp-block-column is-layout-flow wp-container-core-column-is-layout-e3d1c41b wp-block-column-is-layout-flow\">\n<p style=\"font-size:clamp(0.875rem, 0.875rem + ((1vw - 0.2rem) * 0.708), 1.3rem);\">Z na\u0161im sistemom lahko preprosto zdru\u017eite razli\u010dne lokacije in storitve v va\u0161i ponudbi, kar gostom omogo\u010da, da kar najbolje izkoristijo va\u0161e storitve in do\u017eivetja. <strong>Order &amp; Pay Online<\/strong> poenostavi celoten postopek, od rezervacije do pla\u010dila, in omogo\u010da hitro ter varno obdelavo vseh transakcij.<\/p>\n<\/div>\n\n\n\n<div class=\"wp-block-column is-layout-flow wp-container-core-column-is-layout-e3d1c41b wp-block-column-is-layout-flow\">\n<p style=\"font-size:clamp(0.875rem, 0.875rem + ((1vw - 0.2rem) * 0.708), 1.3rem);\">Izkoristite <strong>Cross-selling<\/strong> za pove\u010danje va\u0161e prodaje in ponudite svojim gostom celotno izku\u0161njo na enem mestu. Z na\u0161o re\u0161itvijo bo va\u0161a ponudba dostopna na enostaven in pregleden na\u010din, kar bo izbolj\u0161alo zadovoljstvo gostov in pove\u010dalo va\u0161o poslovno uspe\u0161nost.<\/p>\n<\/div>\n<\/div>\n<\/div>\n\n\n\n<div style=\"height:var(--wp--preset--spacing--20)\" aria-hidden=\"true\" class=\"wp-block-spacer\"><\/div>\n<\/div>\n\n\n\n<div style=\"height:0px;width:0px\" aria-hidden=\"true\" class=\"wp-block-spacer wp-container-content-9760934e\"><\/div>\n<\/div>\n\n\n\n<div class=\"wp-block-group alignfull has-global-padding is-layout-constrained wp-container-core-group-is-layout-d89aad35 wp-block-group-is-layout-constrained\" style=\"margin-top:0;margin-bottom:0;padding-top:var(--wp--preset--spacing--50);padding-right:var(--wp--preset--spacing--50);padding-bottom:var(--wp--preset--spacing--50);padding-left:var(--wp--preset--spacing--50)\">\n<div class=\"wp-block-columns alignwide are-vertically-aligned-center is-layout-flex wp-container-core-columns-is-layout-47c06fe3 wp-block-columns-is-layout-flex\">\n<div class=\"wp-block-column is-vertically-aligned-center is-layout-flow wp-block-column-is-layout-flow\" style=\"flex-basis:50%\">\n<h2 class=\"wp-block-heading has-large-font-size\" id=\"h-zelite-povecati-svojo-prodajo-in-privabiti-vec-gostov\">\u017delite pove\u010dati svojo prodajo in privabiti ve\u010d gostov?<\/h2>\n\n\n\n<div style=\"height:62px\" aria-hidden=\"true\" class=\"wp-block-spacer\"><\/div>\n\n\n\n<div class=\"wp-block-buttons is-content-justification-left is-layout-flex wp-container-core-buttons-is-layout-fc4fd283 wp-block-buttons-is-layout-flex\">\n<div class=\"wp-block-button has-custom-width wp-block-button__width-75\"><a class=\"wp-block-button__link wp-element-button\" href=\"http:\/\/orderandpayonline.eu\/kontakt\/\">Kontaktirajte nas!<\/a><\/div>\n<\/div>\n<\/div>\n\n\n\n<div class=\"wp-block-column is-vertically-aligned-center is-layout-flow wp-block-column-is-layout-flow\" style=\"flex-basis:50%\">\n<figure class=\"wp-block-image size-full is-resized is-style-rounded is-style-rounded--2\"><img loading=\"lazy\" decoding=\"async\" width=\"2000\" height=\"1334\" src=\"http:\/\/orderandpayonline.eu\/wp-content\/uploads\/2024\/08\/unrecognisable-woman-thinking-office.jpg\" alt=\"\" class=\"wp-image-2013\" style=\"aspect-ratio:1.3333333333333333;object-fit:cover;width:588px;height:auto\" srcset=\"http:\/\/orderandpayonline.eu\/wp-content\/uploads\/2024\/08\/unrecognisable-woman-thinking-office.jpg 2000w, http:\/\/orderandpayonline.eu\/wp-content\/uploads\/2024\/08\/unrecognisable-woman-thinking-office-300x200.jpg 300w, http:\/\/orderandpayonline.eu\/wp-content\/uploads\/2024\/08\/unrecognisable-woman-thinking-office-1024x683.jpg 1024w, http:\/\/orderandpayonline.eu\/wp-content\/uploads\/2024\/08\/unrecognisable-woman-thinking-office-768x512.jpg 768w, http:\/\/orderandpayonline.eu\/wp-content\/uploads\/2024\/08\/unrecognisable-woman-thinking-office-1536x1025.jpg 1536w\" sizes=\"auto, (max-width: 2000px) 100vw, 2000px\" \/><\/figure>\n<\/div>\n<\/div>\n<\/div>\n","protected":false},"excerpt":{"rendered":"<p>Cross-selling Poka\u017eite svojim gostom celotno ponudbo na prvi pogled in kje jo lahko dobijo! V sodobnem gostinstvu je pomembno, da gostom omogo\u010dite enostaven dostop do celotne ponudbe va\u0161ih storitev. Na\u0161 Cross-selling sistem omogo\u010da zdru\u017eevanje ve\u010d lokacij in storitev v eno samo platformo, kar va\u0161im gostom omogo\u010da, da naro\u010dijo, rezervirajo in pla\u010dajo vse, kar potrebujejo, prek [&hellip;]<\/p>\n","protected":false},"author":5,"featured_media":0,"parent":0,"menu_order":2,"comment_status":"closed","ping_status":"closed","template":"page-with-sidebar","meta":{"tpgb_global_settings":"","_kadence_starter_templates_imported_post":false,"footnotes":""},"class_list":["post-2722","page","type-page","status-publish","hentry"],"yoast_head":"<!-- This site is optimized with the Yoast SEO Premium plugin v23.0 (Yoast SEO v24.6) - https:\/\/yoast.com\/wordpress\/plugins\/seo\/ -->\n<title>Cross-selling - No Blog Title Set<\/title>\n<meta name=\"robots\" content=\"index, follow, max-snippet:-1, max-image-preview:large, max-video-preview:-1\" \/>\n<link rel=\"canonical\" href=\"http:\/\/orderandpayonline.eu\/sl\/cross-selling\/\" \/>\n<meta property=\"og:locale\" content=\"sl_SI\" \/>\n<meta property=\"og:type\" content=\"article\" \/>\n<meta property=\"og:title\" content=\"Cross-selling\" \/>\n<meta property=\"og:description\" content=\"Cross-selling Poka\u017eite svojim gostom celotno ponudbo na prvi pogled in kje jo lahko dobijo! V sodobnem gostinstvu je pomembno, da gostom omogo\u010dite enostaven dostop do celotne ponudbe va\u0161ih storitev. Na\u0161 Cross-selling sistem omogo\u010da zdru\u017eevanje ve\u010d lokacij in storitev v eno samo platformo, kar va\u0161im gostom omogo\u010da, da naro\u010dijo, rezervirajo in pla\u010dajo vse, kar potrebujejo, prek [&hellip;]\" \/>\n<meta property=\"og:url\" content=\"http:\/\/orderandpayonline.eu\/sl\/cross-selling\/\" \/>\n<meta property=\"og:site_name\" content=\"No Blog Title Set\" \/>\n<meta property=\"article:modified_time\" content=\"2025-06-18T11:52:09+00:00\" \/>\n<meta property=\"og:image\" content=\"http:\/\/orderandpayonline.eu\/wp-content\/uploads\/2024\/08\/unrecognisable-woman-thinking-office.jpg\" \/>\n<meta name=\"twitter:card\" content=\"summary_large_image\" \/>\n<meta name=\"twitter:label1\" content=\"Est. reading time\" \/>\n\t<meta name=\"twitter:data1\" content=\"2 minuti\" \/>\n<script type=\"application\/ld+json\" class=\"yoast-schema-graph\">{\"@context\":\"https:\/\/schema.org\",\"@graph\":[{\"@type\":\"WebPage\",\"@id\":\"http:\/\/orderandpayonline.eu\/sl\/cross-selling\/\",\"url\":\"http:\/\/orderandpayonline.eu\/sl\/cross-selling\/\",\"name\":\"Cross-selling - No Blog Title Set\",\"isPartOf\":{\"@id\":\"https:\/\/orderandpayonline.eu\/#website\"},\"primaryImageOfPage\":{\"@id\":\"http:\/\/orderandpayonline.eu\/sl\/cross-selling\/#primaryimage\"},\"image\":{\"@id\":\"http:\/\/orderandpayonline.eu\/sl\/cross-selling\/#primaryimage\"},\"thumbnailUrl\":\"http:\/\/orderandpayonline.eu\/wp-content\/uploads\/2024\/08\/unrecognisable-woman-thinking-office.jpg\",\"datePublished\":\"2024-08-22T09:03:16+00:00\",\"dateModified\":\"2025-06-18T11:52:09+00:00\",\"breadcrumb\":{\"@id\":\"http:\/\/orderandpayonline.eu\/sl\/cross-selling\/#breadcrumb\"},\"inLanguage\":\"sl-SI\",\"potentialAction\":[{\"@type\":\"ReadAction\",\"target\":[\"http:\/\/orderandpayonline.eu\/sl\/cross-selling\/\"]}]},{\"@type\":\"ImageObject\",\"inLanguage\":\"sl-SI\",\"@id\":\"http:\/\/orderandpayonline.eu\/sl\/cross-selling\/#primaryimage\",\"url\":\"http:\/\/orderandpayonline.eu\/wp-content\/uploads\/2024\/08\/unrecognisable-woman-thinking-office.jpg\",\"contentUrl\":\"http:\/\/orderandpayonline.eu\/wp-content\/uploads\/2024\/08\/unrecognisable-woman-thinking-office.jpg\"},{\"@type\":\"BreadcrumbList\",\"@id\":\"http:\/\/orderandpayonline.eu\/sl\/cross-selling\/#breadcrumb\",\"itemListElement\":[{\"@type\":\"ListItem\",\"position\":1,\"name\":\"Home\",\"item\":\"http:\/\/orderandpayonline.eu\/sl\/\"},{\"@type\":\"ListItem\",\"position\":2,\"name\":\"Cross-selling\"}]},{\"@type\":\"WebSite\",\"@id\":\"https:\/\/orderandpayonline.eu\/#website\",\"url\":\"https:\/\/orderandpayonline.eu\/\",\"name\":\"Order & Pay Online\",\"description\":\"\",\"publisher\":{\"@id\":\"https:\/\/orderandpayonline.eu\/#organization\"},\"potentialAction\":[{\"@type\":\"SearchAction\",\"target\":{\"@type\":\"EntryPoint\",\"urlTemplate\":\"https:\/\/orderandpayonline.eu\/?s={search_term_string}\"},\"query-input\":{\"@type\":\"PropertyValueSpecification\",\"valueRequired\":true,\"valueName\":\"search_term_string\"}}],\"inLanguage\":\"sl-SI\"},{\"@type\":\"Organization\",\"@id\":\"https:\/\/orderandpayonline.eu\/#organization\",\"name\":\"Mintable\",\"url\":\"https:\/\/orderandpayonline.eu\/\",\"logo\":{\"@type\":\"ImageObject\",\"inLanguage\":\"sl-SI\",\"@id\":\"https:\/\/orderandpayonline.eu\/#\/schema\/logo\/image\/\",\"url\":\"http:\/\/orderandpayonline.eu\/wp-content\/uploads\/2024\/01\/Artboard-2.png\",\"contentUrl\":\"http:\/\/orderandpayonline.eu\/wp-content\/uploads\/2024\/01\/Artboard-2.png\",\"width\":2467,\"height\":819,\"caption\":\"Mintable\"},\"image\":{\"@id\":\"https:\/\/orderandpayonline.eu\/#\/schema\/logo\/image\/\"}}]}<\/script>\n<!-- \/ Yoast SEO Premium plugin. -->","yoast_head_json":{"title":"Cross-selling - No Blog Title Set","robots":{"index":"index","follow":"follow","max-snippet":"max-snippet:-1","max-image-preview":"max-image-preview:large","max-video-preview":"max-video-preview:-1"},"canonical":"http:\/\/orderandpayonline.eu\/sl\/cross-selling\/","og_locale":"sl_SI","og_type":"article","og_title":"Cross-selling","og_description":"Cross-selling Poka\u017eite svojim gostom celotno ponudbo na prvi pogled in kje jo lahko dobijo! V sodobnem gostinstvu je pomembno, da gostom omogo\u010dite enostaven dostop do celotne ponudbe va\u0161ih storitev. Na\u0161 Cross-selling sistem omogo\u010da zdru\u017eevanje ve\u010d lokacij in storitev v eno samo platformo, kar va\u0161im gostom omogo\u010da, da naro\u010dijo, rezervirajo in pla\u010dajo vse, kar potrebujejo, prek [&hellip;]","og_url":"http:\/\/orderandpayonline.eu\/sl\/cross-selling\/","og_site_name":"No Blog Title Set","article_modified_time":"2025-06-18T11:52:09+00:00","og_image":[{"url":"http:\/\/orderandpayonline.eu\/wp-content\/uploads\/2024\/08\/unrecognisable-woman-thinking-office.jpg","type":"","width":"","height":""}],"twitter_card":"summary_large_image","twitter_misc":{"Est. reading time":"2 minuti"},"schema":{"@context":"https:\/\/schema.org","@graph":[{"@type":"WebPage","@id":"http:\/\/orderandpayonline.eu\/sl\/cross-selling\/","url":"http:\/\/orderandpayonline.eu\/sl\/cross-selling\/","name":"Cross-selling - No Blog Title Set","isPartOf":{"@id":"https:\/\/orderandpayonline.eu\/#website"},"primaryImageOfPage":{"@id":"http:\/\/orderandpayonline.eu\/sl\/cross-selling\/#primaryimage"},"image":{"@id":"http:\/\/orderandpayonline.eu\/sl\/cross-selling\/#primaryimage"},"thumbnailUrl":"http:\/\/orderandpayonline.eu\/wp-content\/uploads\/2024\/08\/unrecognisable-woman-thinking-office.jpg","datePublished":"2024-08-22T09:03:16+00:00","dateModified":"2025-06-18T11:52:09+00:00","breadcrumb":{"@id":"http:\/\/orderandpayonline.eu\/sl\/cross-selling\/#breadcrumb"},"inLanguage":"sl-SI","potentialAction":[{"@type":"ReadAction","target":["http:\/\/orderandpayonline.eu\/sl\/cross-selling\/"]}]},{"@type":"ImageObject","inLanguage":"sl-SI","@id":"http:\/\/orderandpayonline.eu\/sl\/cross-selling\/#primaryimage","url":"http:\/\/orderandpayonline.eu\/wp-content\/uploads\/2024\/08\/unrecognisable-woman-thinking-office.jpg","contentUrl":"http:\/\/orderandpayonline.eu\/wp-content\/uploads\/2024\/08\/unrecognisable-woman-thinking-office.jpg"},{"@type":"BreadcrumbList","@id":"http:\/\/orderandpayonline.eu\/sl\/cross-selling\/#breadcrumb","itemListElement":[{"@type":"ListItem","position":1,"name":"Home","item":"http:\/\/orderandpayonline.eu\/sl\/"},{"@type":"ListItem","position":2,"name":"Cross-selling"}]},{"@type":"WebSite","@id":"https:\/\/orderandpayonline.eu\/#website","url":"https:\/\/orderandpayonline.eu\/","name":"Order & Pay Online","description":"","publisher":{"@id":"https:\/\/orderandpayonline.eu\/#organization"},"potentialAction":[{"@type":"SearchAction","target":{"@type":"EntryPoint","urlTemplate":"https:\/\/orderandpayonline.eu\/?s={search_term_string}"},"query-input":{"@type":"PropertyValueSpecification","valueRequired":true,"valueName":"search_term_string"}}],"inLanguage":"sl-SI"},{"@type":"Organization","@id":"https:\/\/orderandpayonline.eu\/#organization","name":"Mintable","url":"https:\/\/orderandpayonline.eu\/","logo":{"@type":"ImageObject","inLanguage":"sl-SI","@id":"https:\/\/orderandpayonline.eu\/#\/schema\/logo\/image\/","url":"http:\/\/orderandpayonline.eu\/wp-content\/uploads\/2024\/01\/Artboard-2.png","contentUrl":"http:\/\/orderandpayonline.eu\/wp-content\/uploads\/2024\/01\/Artboard-2.png","width":2467,"height":819,"caption":"Mintable"},"image":{"@id":"https:\/\/orderandpayonline.eu\/#\/schema\/logo\/image\/"}}]}},"tpgb_featured_images":null,"tpgb_post_meta_info":{"get_date":"22. avgusta, 2024","get_modified_date":"18. junija, 2025","author_name":"Andrej Koleti\u010d","author_url":"http:\/\/orderandpayonline.eu\/sl\/author\/andrejorderandpayonline-eu\/","author_email":"andrej@orderandpayonline.eu","author_website":"","author_description":"","author_facebook":"","author_twitter":"","author_instagram":"","author_role":["administrator"],"author_firstname":"Andrej","author_lastname":"Koleti\u010d","user_login":"andrej@orderandpayonline.eu","author_avatar":"<img alt='' src='https:\/\/secure.gravatar.com\/avatar\/59bd43137e5550a8f01ca88a483dcfe3d0b3c060424117fed6abd96c6c058de5?s=200&#038;d=mm&#038;r=g' srcset='https:\/\/secure.gravatar.com\/avatar\/59bd43137e5550a8f01ca88a483dcfe3d0b3c060424117fed6abd96c6c058de5?s=400&#038;d=mm&#038;r=g 2x' class='avatar avatar-200 photo' height='200' width='200' loading='lazy' decoding='async'\/>","author_avatar_url":"https:\/\/secure.gravatar.com\/avatar\/59bd43137e5550a8f01ca88a483dcfe3d0b3c060424117fed6abd96c6c058de5?s=96&d=mm&r=g","comment_count":0,"post_likes":0,"post_views":0},"tpgb_post_category":[],"_links":{"self":[{"href":"http:\/\/orderandpayonline.eu\/sl\/wp-json\/wp\/v2\/pages\/2722","targetHints":{"allow":["GET"]}}],"collection":[{"href":"http:\/\/orderandpayonline.eu\/sl\/wp-json\/wp\/v2\/pages"}],"about":[{"href":"http:\/\/orderandpayonline.eu\/sl\/wp-json\/wp\/v2\/types\/page"}],"author":[{"embeddable":true,"href":"http:\/\/orderandpayonline.eu\/sl\/wp-json\/wp\/v2\/users\/5"}],"replies":[{"embeddable":true,"href":"http:\/\/orderandpayonline.eu\/sl\/wp-json\/wp\/v2\/comments?post=2722"}],"version-history":[{"count":5,"href":"http:\/\/orderandpayonline.eu\/sl\/wp-json\/wp\/v2\/pages\/2722\/revisions"}],"predecessor-version":[{"id":3893,"href":"http:\/\/orderandpayonline.eu\/sl\/wp-json\/wp\/v2\/pages\/2722\/revisions\/3893"}],"wp:attachment":[{"href":"http:\/\/orderandpayonline.eu\/sl\/wp-json\/wp\/v2\/media?parent=2722"}],"curies":[{"name":"wp","href":"https:\/\/api.w.org\/{rel}","templated":true}]}}