{"id":2024,"date":"2024-08-13T13:48:53","date_gmt":"2024-08-13T11:48:53","guid":{"rendered":"http:\/\/orderandpayonline.eu\/?page_id=2024"},"modified":"2025-06-18T13:45:41","modified_gmt":"2025-06-18T11:45:41","slug":"takeaway","status":"publish","type":"page","link":"http:\/\/orderandpayonline.eu\/sl\/takeaway\/","title":{"rendered":"Takeaway"},"content":{"rendered":"\n<div class=\"wp-block-group alignfull has-base-background-color has-background has-global-padding is-layout-constrained wp-container-core-group-is-layout-d89aad35 wp-block-group-is-layout-constrained\" style=\"margin-top:0;margin-bottom:0;padding-top:var(--wp--preset--spacing--50);padding-right:var(--wp--preset--spacing--50);padding-bottom:var(--wp--preset--spacing--50);padding-left:var(--wp--preset--spacing--50)\">\n<div class=\"wp-block-columns alignwide is-layout-flex wp-container-core-columns-is-layout-549b0c86 wp-block-columns-is-layout-flex\">\n<div class=\"wp-block-column has-global-padding is-content-justification-left is-layout-constrained wp-container-core-column-is-layout-4f15e8fe wp-block-column-is-layout-constrained\" style=\"flex-basis:40%\">\n<p class=\"has-text-align-left has-large-font-size\"><strong>Takeaway<\/strong><\/p>\n\n\n\n<p class=\"has-text-align-left has-medium-font-size\">Naj va\u0161i gostje u\u017eivajo v okusnih jedeh kar iz udobja svojega doma!<\/p>\n<\/div>\n\n\n\n<div class=\"wp-block-column is-layout-flow wp-container-core-column-is-layout-119bc444 wp-block-column-is-layout-flow\" style=\"flex-basis:60%\">\n<p class=\"has-large-font-size\" style=\"font-style:normal;font-weight:700;line-height:1.5\">V dana\u0161njem dinami\u010dnem svetu gostinstva je klju\u010dnega pomena, da gostom ponudite prilagodljive in u\u010dinkovite storitve.<\/p>\n\n\n\n<div class=\"wp-block-columns is-layout-flex wp-container-core-columns-is-layout-87beb0d0 wp-block-columns-is-layout-flex\">\n<div class=\"wp-block-column is-layout-flow wp-block-column-is-layout-flow\">\n<p style=\"font-size:clamp(14px, 0.875rem + ((1vw - 3.2px) * 0.417), 18px);font-style:normal;font-weight:400\">Na\u0161a <strong>Takeaway re\u0161itev<\/strong> vam omogo\u010da, da svojim gostom ponudite mo\u017enost naro\u010danja njihovih najljub\u0161ih jedi kar preko spleta, z izbiro to\u010dnega \u010dasa in datuma prevzema. <\/p>\n\n\n\n<p>Sistem <strong>Order &amp; Pay Online<\/strong> omogo\u010da gostom, da preprosto dostopajo do <strong>digitalnega menija<\/strong> prek QR kode ali spletne povezave, kjer lahko prilagodijo svoje naro\u010dilo in dolo\u010dijo \u017eeleni \u010das prevzema.<\/p>\n<\/div>\n\n\n\n<div class=\"wp-block-column is-layout-flow wp-block-column-is-layout-flow\">\n<p style=\"font-size:clamp(14px, 0.875rem + ((1vw - 3.2px) * 0.417), 18px);font-style:normal;font-weight:400\">Vsa naro\u010dila se avtomatsko prenesejo v va\u0161o blagajno, kar zagotavlja hitro in brezhibno obdelavo, ter zmanj\u0161uje mo\u017enost napak pri naro\u010danju. <\/p>\n\n\n\n<p>Uporaba <strong>digitalnih menijev<\/strong> in <strong>Takeaway sistema<\/strong> ne le izbolj\u0161uje operativno u\u010dinkovitost, temve\u010d tudi pove\u010duje zadovoljstvo va\u0161ih gostov. Zmanj\u0161ana potreba po \u010dakanju in mo\u017enost prilagoditve naro\u010dila prispevata k bolj\u0161i uporabni\u0161ki izku\u0161nji, kar spodbuja goste, da se vra\u010dajo.<\/p>\n<\/div>\n<\/div>\n<\/div>\n<\/div>\n<\/div>\n\n\n\n<div class=\"wp-block-cover alignfull is-light has-parallax has-custom-content-position is-position-center-right\" style=\"padding-top:var(--wp--preset--spacing--50);padding-right:var(--wp--preset--spacing--50);padding-bottom:var(--wp--preset--spacing--50);padding-left:var(--wp--preset--spacing--50);min-height:100vh;aspect-ratio:unset;\"><div class=\"wp-block-cover__image-background wp-image-2030 has-parallax\" style=\"background-position:50% 50%;background-image:url(http:\/\/orderandpayonline.eu\/wp-content\/uploads\/2024\/08\/close-up-hands-holding-food-pack-scaled.jpg)\"><\/div><span aria-hidden=\"true\" class=\"wp-block-cover__background has-base-background-color has-background-dim-0 has-background-dim\"><\/span><div class=\"wp-block-cover__inner-container has-global-padding is-layout-constrained wp-container-core-cover-is-layout-e4fd886c wp-block-cover-is-layout-constrained\">\n<div style=\"height:500px\" aria-hidden=\"true\" class=\"wp-block-spacer\"><\/div>\n<\/div><\/div>\n\n\n\n<div class=\"wp-block-group alignfull has-base-2-background-color has-background has-global-padding is-layout-constrained wp-container-core-group-is-layout-f73a2adb wp-block-group-is-layout-constrained\" style=\"margin-top:0;margin-bottom:0;padding-top:var(--wp--preset--spacing--50);padding-right:var(--wp--preset--spacing--50);padding-bottom:var(--wp--preset--spacing--50);padding-left:var(--wp--preset--spacing--50)\">\n<h2 class=\"wp-block-heading has-text-align-left is-style-default has-large-font-size\" id=\"h-integrirajte-takeaway-v-svojo-ponudbo\">Integrirajte Takeaway v svojo ponudbo<\/h2>\n\n\n\n<p class=\"has-text-align-center\"><\/p>\n\n\n\n<p class=\"has-text-align-left\">Omogo\u010dite svojim gostom, da u\u017eivajo v prilagodljivosti naro\u010danja, ki ustreza njihovemu urniku. <strong>Order &amp; Pay Online<\/strong> vam omogo\u010da enostavno upravljanje naro\u010dil, kar pove\u010duje u\u010dinkovitost va\u0161ega poslovanja in zadovoljstvo va\u0161ih gostov.<\/p>\n\n\n\n<div class=\"wp-block-group is-vertical is-content-justification-center is-layout-flex wp-container-core-group-is-layout-52b864f0 wp-block-group-is-layout-flex\">\n<div style=\"height:0px\" aria-hidden=\"true\" class=\"wp-block-spacer wp-container-content-4f2ccadb\"><\/div>\n<\/div>\n\n\n\n<div style=\"height:var(--wp--preset--spacing--20)\" aria-hidden=\"true\" class=\"wp-block-spacer\"><\/div>\n<\/div>\n\n\n\n<div class=\"wp-block-group alignfull has-global-padding is-layout-constrained wp-container-core-group-is-layout-d89aad35 wp-block-group-is-layout-constrained\" style=\"margin-top:0;margin-bottom:0;padding-top:var(--wp--preset--spacing--50);padding-right:var(--wp--preset--spacing--50);padding-bottom:var(--wp--preset--spacing--50);padding-left:var(--wp--preset--spacing--50)\">\n<div class=\"wp-block-columns alignwide are-vertically-aligned-center is-layout-flex wp-container-core-columns-is-layout-47c06fe3 wp-block-columns-is-layout-flex\">\n<div class=\"wp-block-column is-vertically-aligned-center is-layout-flow wp-block-column-is-layout-flow\" style=\"flex-basis:50%\">\n<h2 class=\"wp-block-heading has-large-font-size\" id=\"h-zelite-izvedeti-vec-o-digitalnih-menijih-in-takeaway-sistemu\">\u017delite izvedeti ve\u010d o digitalnih menijih in takeaway sistemu?<\/h2>\n\n\n\n<div style=\"height:62px\" aria-hidden=\"true\" class=\"wp-block-spacer\"><\/div>\n\n\n\n<div class=\"wp-block-buttons is-content-justification-left is-layout-flex wp-container-core-buttons-is-layout-fc4fd283 wp-block-buttons-is-layout-flex\">\n<div class=\"wp-block-button has-custom-width wp-block-button__width-75\"><a class=\"wp-block-button__link wp-element-button\" href=\"http:\/\/orderandpayonline.eu\/kontakt\/\">Kontaktirajte nas!<\/a><\/div>\n<\/div>\n<\/div>\n\n\n\n<div class=\"wp-block-column is-vertically-aligned-center is-layout-flow wp-block-column-is-layout-flow\" style=\"flex-basis:50%\">\n<figure class=\"wp-block-image size-full is-resized is-style-rounded is-style-rounded--1\"><img loading=\"lazy\" decoding=\"async\" width=\"2000\" height=\"1334\" src=\"http:\/\/orderandpayonline.eu\/wp-content\/uploads\/2024\/08\/unrecognisable-woman-thinking-office.jpg\" alt=\"\" class=\"wp-image-2013\" style=\"aspect-ratio:1.3333333333333333;object-fit:cover;width:588px;height:auto\" srcset=\"http:\/\/orderandpayonline.eu\/wp-content\/uploads\/2024\/08\/unrecognisable-woman-thinking-office.jpg 2000w, http:\/\/orderandpayonline.eu\/wp-content\/uploads\/2024\/08\/unrecognisable-woman-thinking-office-300x200.jpg 300w, http:\/\/orderandpayonline.eu\/wp-content\/uploads\/2024\/08\/unrecognisable-woman-thinking-office-1024x683.jpg 1024w, http:\/\/orderandpayonline.eu\/wp-content\/uploads\/2024\/08\/unrecognisable-woman-thinking-office-768x512.jpg 768w, http:\/\/orderandpayonline.eu\/wp-content\/uploads\/2024\/08\/unrecognisable-woman-thinking-office-1536x1025.jpg 1536w\" sizes=\"auto, (max-width: 2000px) 100vw, 2000px\" \/><\/figure>\n<\/div>\n<\/div>\n<\/div>\n","protected":false},"excerpt":{"rendered":"<p>Takeaway Naj va\u0161i gostje u\u017eivajo v okusnih jedeh kar iz udobja svojega doma! V dana\u0161njem dinami\u010dnem svetu gostinstva je klju\u010dnega pomena, da gostom ponudite prilagodljive in u\u010dinkovite storitve. Na\u0161a Takeaway re\u0161itev vam omogo\u010da, da svojim gostom ponudite mo\u017enost naro\u010danja njihovih najljub\u0161ih jedi kar preko spleta, z izbiro to\u010dnega \u010dasa in datuma prevzema. Sistem Order &amp; [&hellip;]<\/p>\n","protected":false},"author":9,"featured_media":0,"parent":0,"menu_order":2,"comment_status":"closed","ping_status":"closed","template":"page-with-sidebar","meta":{"tpgb_global_settings":"","_kadence_starter_templates_imported_post":false,"footnotes":""},"class_list":["post-2024","page","type-page","status-publish","hentry"],"yoast_head":"<!-- This site is optimized with the Yoast SEO Premium plugin v23.0 (Yoast SEO v24.6) - https:\/\/yoast.com\/wordpress\/plugins\/seo\/ -->\n<title>Takeaway - No Blog Title Set<\/title>\n<meta name=\"robots\" content=\"index, follow, max-snippet:-1, max-image-preview:large, max-video-preview:-1\" \/>\n<link rel=\"canonical\" href=\"https:\/\/orderandpayonline.eu\/sl\/takeaway\/\" \/>\n<meta property=\"og:locale\" content=\"sl_SI\" \/>\n<meta property=\"og:type\" content=\"article\" \/>\n<meta property=\"og:title\" content=\"Takeaway\" \/>\n<meta property=\"og:description\" content=\"Takeaway Naj va\u0161i gostje u\u017eivajo v okusnih jedeh kar iz udobja svojega doma! V dana\u0161njem dinami\u010dnem svetu gostinstva je klju\u010dnega pomena, da gostom ponudite prilagodljive in u\u010dinkovite storitve. Na\u0161a Takeaway re\u0161itev vam omogo\u010da, da svojim gostom ponudite mo\u017enost naro\u010danja njihovih najljub\u0161ih jedi kar preko spleta, z izbiro to\u010dnega \u010dasa in datuma prevzema. Sistem Order &amp; [&hellip;]\" \/>\n<meta property=\"og:url\" content=\"https:\/\/orderandpayonline.eu\/sl\/takeaway\/\" \/>\n<meta property=\"og:site_name\" content=\"No Blog Title Set\" \/>\n<meta property=\"article:modified_time\" content=\"2025-06-18T11:45:41+00:00\" \/>\n<meta property=\"og:image\" content=\"http:\/\/orderandpayonline.eu\/wp-content\/uploads\/2024\/08\/unrecognisable-woman-thinking-office.jpg\" \/>\n<meta name=\"twitter:card\" content=\"summary_large_image\" \/>\n<meta name=\"twitter:label1\" content=\"Est. reading time\" \/>\n\t<meta name=\"twitter:data1\" content=\"1 minuta\" \/>\n<script type=\"application\/ld+json\" class=\"yoast-schema-graph\">{\"@context\":\"https:\/\/schema.org\",\"@graph\":[{\"@type\":\"WebPage\",\"@id\":\"https:\/\/orderandpayonline.eu\/sl\/takeaway\/\",\"url\":\"https:\/\/orderandpayonline.eu\/sl\/takeaway\/\",\"name\":\"Takeaway - No Blog Title Set\",\"isPartOf\":{\"@id\":\"https:\/\/orderandpayonline.eu\/#website\"},\"primaryImageOfPage\":{\"@id\":\"https:\/\/orderandpayonline.eu\/sl\/takeaway\/#primaryimage\"},\"image\":{\"@id\":\"https:\/\/orderandpayonline.eu\/sl\/takeaway\/#primaryimage\"},\"thumbnailUrl\":\"http:\/\/orderandpayonline.eu\/wp-content\/uploads\/2024\/08\/unrecognisable-woman-thinking-office.jpg\",\"datePublished\":\"2024-08-13T11:48:53+00:00\",\"dateModified\":\"2025-06-18T11:45:41+00:00\",\"breadcrumb\":{\"@id\":\"https:\/\/orderandpayonline.eu\/sl\/takeaway\/#breadcrumb\"},\"inLanguage\":\"sl-SI\",\"potentialAction\":[{\"@type\":\"ReadAction\",\"target\":[\"https:\/\/orderandpayonline.eu\/sl\/takeaway\/\"]}]},{\"@type\":\"ImageObject\",\"inLanguage\":\"sl-SI\",\"@id\":\"https:\/\/orderandpayonline.eu\/sl\/takeaway\/#primaryimage\",\"url\":\"http:\/\/orderandpayonline.eu\/wp-content\/uploads\/2024\/08\/unrecognisable-woman-thinking-office.jpg\",\"contentUrl\":\"http:\/\/orderandpayonline.eu\/wp-content\/uploads\/2024\/08\/unrecognisable-woman-thinking-office.jpg\"},{\"@type\":\"BreadcrumbList\",\"@id\":\"https:\/\/orderandpayonline.eu\/sl\/takeaway\/#breadcrumb\",\"itemListElement\":[{\"@type\":\"ListItem\",\"position\":1,\"name\":\"Home\",\"item\":\"http:\/\/orderandpayonline.eu\/sl\/\"},{\"@type\":\"ListItem\",\"position\":2,\"name\":\"Takeaway\"}]},{\"@type\":\"WebSite\",\"@id\":\"https:\/\/orderandpayonline.eu\/#website\",\"url\":\"https:\/\/orderandpayonline.eu\/\",\"name\":\"Order & Pay Online\",\"description\":\"\",\"publisher\":{\"@id\":\"https:\/\/orderandpayonline.eu\/#organization\"},\"potentialAction\":[{\"@type\":\"SearchAction\",\"target\":{\"@type\":\"EntryPoint\",\"urlTemplate\":\"https:\/\/orderandpayonline.eu\/?s={search_term_string}\"},\"query-input\":{\"@type\":\"PropertyValueSpecification\",\"valueRequired\":true,\"valueName\":\"search_term_string\"}}],\"inLanguage\":\"sl-SI\"},{\"@type\":\"Organization\",\"@id\":\"https:\/\/orderandpayonline.eu\/#organization\",\"name\":\"Mintable\",\"url\":\"https:\/\/orderandpayonline.eu\/\",\"logo\":{\"@type\":\"ImageObject\",\"inLanguage\":\"sl-SI\",\"@id\":\"https:\/\/orderandpayonline.eu\/#\/schema\/logo\/image\/\",\"url\":\"http:\/\/orderandpayonline.eu\/wp-content\/uploads\/2024\/01\/Artboard-2.png\",\"contentUrl\":\"http:\/\/orderandpayonline.eu\/wp-content\/uploads\/2024\/01\/Artboard-2.png\",\"width\":2467,\"height\":819,\"caption\":\"Mintable\"},\"image\":{\"@id\":\"https:\/\/orderandpayonline.eu\/#\/schema\/logo\/image\/\"}}]}<\/script>\n<!-- \/ Yoast SEO Premium plugin. -->","yoast_head_json":{"title":"Takeaway - No Blog Title Set","robots":{"index":"index","follow":"follow","max-snippet":"max-snippet:-1","max-image-preview":"max-image-preview:large","max-video-preview":"max-video-preview:-1"},"canonical":"https:\/\/orderandpayonline.eu\/sl\/takeaway\/","og_locale":"sl_SI","og_type":"article","og_title":"Takeaway","og_description":"Takeaway Naj va\u0161i gostje u\u017eivajo v okusnih jedeh kar iz udobja svojega doma! V dana\u0161njem dinami\u010dnem svetu gostinstva je klju\u010dnega pomena, da gostom ponudite prilagodljive in u\u010dinkovite storitve. Na\u0161a Takeaway re\u0161itev vam omogo\u010da, da svojim gostom ponudite mo\u017enost naro\u010danja njihovih najljub\u0161ih jedi kar preko spleta, z izbiro to\u010dnega \u010dasa in datuma prevzema. Sistem Order &amp; [&hellip;]","og_url":"https:\/\/orderandpayonline.eu\/sl\/takeaway\/","og_site_name":"No Blog Title Set","article_modified_time":"2025-06-18T11:45:41+00:00","og_image":[{"url":"http:\/\/orderandpayonline.eu\/wp-content\/uploads\/2024\/08\/unrecognisable-woman-thinking-office.jpg","type":"","width":"","height":""}],"twitter_card":"summary_large_image","twitter_misc":{"Est. reading time":"1 minuta"},"schema":{"@context":"https:\/\/schema.org","@graph":[{"@type":"WebPage","@id":"https:\/\/orderandpayonline.eu\/sl\/takeaway\/","url":"https:\/\/orderandpayonline.eu\/sl\/takeaway\/","name":"Takeaway - No Blog Title Set","isPartOf":{"@id":"https:\/\/orderandpayonline.eu\/#website"},"primaryImageOfPage":{"@id":"https:\/\/orderandpayonline.eu\/sl\/takeaway\/#primaryimage"},"image":{"@id":"https:\/\/orderandpayonline.eu\/sl\/takeaway\/#primaryimage"},"thumbnailUrl":"http:\/\/orderandpayonline.eu\/wp-content\/uploads\/2024\/08\/unrecognisable-woman-thinking-office.jpg","datePublished":"2024-08-13T11:48:53+00:00","dateModified":"2025-06-18T11:45:41+00:00","breadcrumb":{"@id":"https:\/\/orderandpayonline.eu\/sl\/takeaway\/#breadcrumb"},"inLanguage":"sl-SI","potentialAction":[{"@type":"ReadAction","target":["https:\/\/orderandpayonline.eu\/sl\/takeaway\/"]}]},{"@type":"ImageObject","inLanguage":"sl-SI","@id":"https:\/\/orderandpayonline.eu\/sl\/takeaway\/#primaryimage","url":"http:\/\/orderandpayonline.eu\/wp-content\/uploads\/2024\/08\/unrecognisable-woman-thinking-office.jpg","contentUrl":"http:\/\/orderandpayonline.eu\/wp-content\/uploads\/2024\/08\/unrecognisable-woman-thinking-office.jpg"},{"@type":"BreadcrumbList","@id":"https:\/\/orderandpayonline.eu\/sl\/takeaway\/#breadcrumb","itemListElement":[{"@type":"ListItem","position":1,"name":"Home","item":"http:\/\/orderandpayonline.eu\/sl\/"},{"@type":"ListItem","position":2,"name":"Takeaway"}]},{"@type":"WebSite","@id":"https:\/\/orderandpayonline.eu\/#website","url":"https:\/\/orderandpayonline.eu\/","name":"Order & Pay Online","description":"","publisher":{"@id":"https:\/\/orderandpayonline.eu\/#organization"},"potentialAction":[{"@type":"SearchAction","target":{"@type":"EntryPoint","urlTemplate":"https:\/\/orderandpayonline.eu\/?s={search_term_string}"},"query-input":{"@type":"PropertyValueSpecification","valueRequired":true,"valueName":"search_term_string"}}],"inLanguage":"sl-SI"},{"@type":"Organization","@id":"https:\/\/orderandpayonline.eu\/#organization","name":"Mintable","url":"https:\/\/orderandpayonline.eu\/","logo":{"@type":"ImageObject","inLanguage":"sl-SI","@id":"https:\/\/orderandpayonline.eu\/#\/schema\/logo\/image\/","url":"http:\/\/orderandpayonline.eu\/wp-content\/uploads\/2024\/01\/Artboard-2.png","contentUrl":"http:\/\/orderandpayonline.eu\/wp-content\/uploads\/2024\/01\/Artboard-2.png","width":2467,"height":819,"caption":"Mintable"},"image":{"@id":"https:\/\/orderandpayonline.eu\/#\/schema\/logo\/image\/"}}]}},"tpgb_featured_images":null,"tpgb_post_meta_info":{"get_date":"13. avgusta, 2024","get_modified_date":"18. junija, 2025","author_name":"Mateja Arh","author_url":"http:\/\/orderandpayonline.eu\/sl\/author\/mateja\/","author_email":"mateja@spletarna.com","author_website":"","author_description":"","author_facebook":"","author_twitter":"","author_instagram":"","author_role":["administrator"],"author_firstname":"Mateja","author_lastname":"Arh","user_login":"Mateja","author_avatar":"<img alt='' src='https:\/\/secure.gravatar.com\/avatar\/756e3a25eb79e9c86be9884fcf9d2479f95ee46cd8346cc1ca49ac64335b0f84?s=200&#038;d=mm&#038;r=g' srcset='https:\/\/secure.gravatar.com\/avatar\/756e3a25eb79e9c86be9884fcf9d2479f95ee46cd8346cc1ca49ac64335b0f84?s=400&#038;d=mm&#038;r=g 2x' class='avatar avatar-200 photo' height='200' width='200' loading='lazy' decoding='async'\/>","author_avatar_url":"https:\/\/secure.gravatar.com\/avatar\/756e3a25eb79e9c86be9884fcf9d2479f95ee46cd8346cc1ca49ac64335b0f84?s=96&d=mm&r=g","comment_count":0,"post_likes":0,"post_views":0},"tpgb_post_category":[],"_links":{"self":[{"href":"http:\/\/orderandpayonline.eu\/sl\/wp-json\/wp\/v2\/pages\/2024","targetHints":{"allow":["GET"]}}],"collection":[{"href":"http:\/\/orderandpayonline.eu\/sl\/wp-json\/wp\/v2\/pages"}],"about":[{"href":"http:\/\/orderandpayonline.eu\/sl\/wp-json\/wp\/v2\/types\/page"}],"author":[{"embeddable":true,"href":"http:\/\/orderandpayonline.eu\/sl\/wp-json\/wp\/v2\/users\/9"}],"replies":[{"embeddable":true,"href":"http:\/\/orderandpayonline.eu\/sl\/wp-json\/wp\/v2\/comments?post=2024"}],"version-history":[{"count":11,"href":"http:\/\/orderandpayonline.eu\/sl\/wp-json\/wp\/v2\/pages\/2024\/revisions"}],"predecessor-version":[{"id":3890,"href":"http:\/\/orderandpayonline.eu\/sl\/wp-json\/wp\/v2\/pages\/2024\/revisions\/3890"}],"wp:attachment":[{"href":"http:\/\/orderandpayonline.eu\/sl\/wp-json\/wp\/v2\/media?parent=2024"}],"curies":[{"name":"wp","href":"https:\/\/api.w.org\/{rel}","templated":true}]}}