{"id":2000,"date":"2024-08-13T13:15:03","date_gmt":"2024-08-13T11:15:03","guid":{"rendered":"http:\/\/orderandpayonline.eu\/?page_id=2000"},"modified":"2025-06-18T13:39:12","modified_gmt":"2025-06-18T11:39:12","slug":"darilni-boni","status":"publish","type":"page","link":"http:\/\/orderandpayonline.eu\/sl\/darilni-boni\/","title":{"rendered":"Darilni boni"},"content":{"rendered":"\n<div class=\"wp-block-group alignfull has-base-background-color has-background has-global-padding is-layout-constrained wp-container-core-group-is-layout-d89aad35 wp-block-group-is-layout-constrained\" style=\"margin-top:0;margin-bottom:0;padding-top:var(--wp--preset--spacing--50);padding-right:var(--wp--preset--spacing--50);padding-bottom:var(--wp--preset--spacing--50);padding-left:var(--wp--preset--spacing--50)\">\n<div class=\"wp-block-columns alignwide is-layout-flex wp-container-core-columns-is-layout-549b0c86 wp-block-columns-is-layout-flex\">\n<div class=\"wp-block-column has-global-padding is-content-justification-left is-layout-constrained wp-container-core-column-is-layout-4f15e8fe wp-block-column-is-layout-constrained\" style=\"flex-basis:40%\">\n<p class=\"has-text-align-left has-large-font-size\"><strong>Darilni boni<\/strong><\/p>\n\n\n\n<p class=\"has-text-align-left has-medium-font-size\">Pustite svojim gostom, da po\u0161ljejo darilni bon svojim najbli\u017ejim!<\/p>\n<\/div>\n\n\n\n<div class=\"wp-block-column is-layout-flow wp-container-core-column-is-layout-119bc444 wp-block-column-is-layout-flow\" style=\"flex-basis:60%\">\n<p class=\"has-large-font-size\" style=\"font-style:normal;font-weight:700;line-height:1.5\">V konkuren\u010dnem svetu gostinstva in hotelirstva je klju\u010dno, da gostom ponudite vrhunsko izku\u0161njo. <\/p>\n\n\n\n<div class=\"wp-block-columns is-layout-flex wp-container-core-columns-is-layout-87beb0d0 wp-block-columns-is-layout-flex\">\n<div class=\"wp-block-column is-layout-flow wp-block-column-is-layout-flow\">\n<p style=\"font-size:clamp(14px, 0.875rem + ((1vw - 3.2px) * 0.417), 18px);font-style:normal;font-weight:400\">Z uporabo <strong>Order &amp; Pay Online<\/strong> lahko va\u0161e podjetje preprosto ustvarja in upravlja <strong>digitalne darilne bone<\/strong>. Gostje bodo lahko bon kupili <strong>online<\/strong> in ga prejeli v digitalni obliki, kar omogo\u010da hitro in brezhibno uporabo. <strong>Digitalni boni<\/strong> so popolnoma prilagodljivi glede na vrednost in oblikovanje, kar pomeni, da jih lahko enostavno integrirate v va\u0161e obstoje\u010de poslovanje.<\/p>\n<\/div>\n\n\n\n<div class=\"wp-block-column is-layout-flow wp-block-column-is-layout-flow\">\n<p style=\"font-size:clamp(14px, 0.875rem + ((1vw - 3.2px) * 0.417), 18px);font-style:normal;font-weight:400\"><strong>Digitalni darilni boni za gostinstvo in hotelirstvo<\/strong> niso le odli\u010dno darilo za va\u0161e goste, ampak tudi mo\u010dno marketin\u0161ko orodje za va\u0161e podjetje. Ko gostje prejmejo darilne bone, pogosto obi\u0161\u010dejo va\u0161o restavracijo ali hotel prvi\u010d, toda z odli\u010dno izku\u0161njo jih lahko spremenite v redne stranke. Poleg tega darilni boni omogo\u010dajo va\u0161im zadovoljnim strankam, da delijo svoje pozitivne izku\u0161nje, kar pove\u010duje prepoznavnost va\u0161e blagovne znamke v spletnih iskalnikih.<\/p>\n<\/div>\n<\/div>\n<\/div>\n<\/div>\n<\/div>\n\n\n\n<div class=\"wp-block-cover alignfull is-light has-parallax has-custom-content-position is-position-center-right\" style=\"padding-top:var(--wp--preset--spacing--50);padding-right:var(--wp--preset--spacing--50);padding-bottom:var(--wp--preset--spacing--50);padding-left:var(--wp--preset--spacing--50);min-height:100vh;aspect-ratio:unset;\"><div class=\"wp-block-cover__image-background wp-image-2010 has-parallax\" style=\"background-position:50% 50%;background-image:url(http:\/\/orderandpayonline.eu\/wp-content\/uploads\/2024\/08\/cozy-winter-scenes-with-family-scaled.jpg)\"><\/div><span aria-hidden=\"true\" class=\"wp-block-cover__background has-base-background-color has-background-dim-0 has-background-dim\"><\/span><div class=\"wp-block-cover__inner-container has-global-padding is-layout-constrained wp-container-core-cover-is-layout-e4fd886c wp-block-cover-is-layout-constrained\">\n<div style=\"height:500px\" aria-hidden=\"true\" class=\"wp-block-spacer\"><\/div>\n<\/div><\/div>\n\n\n\n<div class=\"wp-block-group alignfull has-base-2-background-color has-background has-global-padding is-layout-constrained wp-container-core-group-is-layout-669513ed wp-block-group-is-layout-constrained\" style=\"margin-top:0;margin-bottom:0;padding-top:var(--wp--preset--spacing--50);padding-right:var(--wp--preset--spacing--50);padding-bottom:var(--wp--preset--spacing--50);padding-left:var(--wp--preset--spacing--50)\">\n<div class=\"wp-block-group is-vertical is-content-justification-center is-layout-flex wp-container-core-group-is-layout-52b864f0 wp-block-group-is-layout-flex\">\n<h2 class=\"wp-block-heading has-text-align-center is-style-default\" id=\"h-enostavno-upravljanje-z-darilnimi-boni\">Enostavno upravljanje z darilnimi boni<\/h2>\n\n\n\n<div style=\"height:0px\" aria-hidden=\"true\" class=\"wp-block-spacer wp-container-content-4f2ccadb\"><\/div>\n<\/div>\n\n\n\n<div style=\"margin-top:0;margin-bottom:0;height:64px\" aria-hidden=\"true\" class=\"wp-block-spacer\"><\/div>\n\n\n\n<div class=\"wp-block-columns alignwide is-layout-flex wp-container-core-columns-is-layout-d0bbbce0 wp-block-columns-is-layout-flex\">\n<div class=\"wp-block-column is-layout-flow wp-container-core-column-is-layout-e3d1c41b wp-block-column-is-layout-flow\">\n<h3 class=\"wp-block-heading has-text-align-left is-style-default has-medium-font-size\" id=\"h-sistem-order-amp-pay-online\" style=\"font-style:normal;font-weight:600\">Sistem Order &amp; Pay Online<\/h3>\n\n\n\n<p class=\"has-text-align-left\" style=\"font-size:clamp(14px, 0.875rem + ((1vw - 3.2px) * 0.417), 18px);font-style:normal;font-weight:400\">Ponuja vam enostavno upravljanje vseh vidikov prodaje digitalnih darilnih bonov, od njihovega ustvarjanja do sledenja uporabi. Na\u0161i boni so popolnoma integrirani v va\u0161e obstoje\u010de sisteme, kar pomeni, da so vedno pripravljeni za hitro obdelavo in dostavo gostom.<\/p>\n<\/div>\n\n\n\n<div class=\"wp-block-column is-layout-flow wp-container-core-column-is-layout-e3d1c41b wp-block-column-is-layout-flow\">\n<h3 class=\"wp-block-heading has-text-align-left is-style-default has-medium-font-size\" id=\"h-integracija-digitalnih-darilnih-bonov\" style=\"font-style:normal;font-weight:600\">Integracija digitalnih darilnih bonov<\/h3>\n\n\n\n<p class=\"has-text-align-left\" style=\"font-size:clamp(14px, 0.875rem + ((1vw - 3.2px) * 0.417), 18px);font-style:normal;font-weight:400\">Omogo\u010dite svojim gostom, da preprosto in hitro obdarijo svoje bli\u017enje z <strong>nepozabnimi do\u017eivetji<\/strong> v va\u0161em restavraciji ali hotelu prek spletne ponudbe. Z na\u0161imi Order &amp; Pay Online darilnimi boni bo va\u0161e podjetje postalo \u0161e bolj dostopno in privla\u010dno za nove in obstoje\u010de goste, kar bo pove\u010dalo va\u0161e spletne konverzije in zvestobo strank.<\/p>\n<\/div>\n<\/div>\n\n\n\n<div style=\"height:var(--wp--preset--spacing--20)\" aria-hidden=\"true\" class=\"wp-block-spacer\"><\/div>\n<\/div>\n\n\n\n<div class=\"wp-block-group alignfull has-global-padding is-layout-constrained wp-container-core-group-is-layout-d89aad35 wp-block-group-is-layout-constrained\" style=\"margin-top:0;margin-bottom:0;padding-top:var(--wp--preset--spacing--50);padding-right:var(--wp--preset--spacing--50);padding-bottom:var(--wp--preset--spacing--50);padding-left:var(--wp--preset--spacing--50)\">\n<div class=\"wp-block-columns alignwide are-vertically-aligned-center is-layout-flex wp-container-core-columns-is-layout-47c06fe3 wp-block-columns-is-layout-flex\">\n<div class=\"wp-block-column is-vertically-aligned-center is-layout-flow wp-block-column-is-layout-flow\" style=\"flex-basis:50%\">\n<h2 class=\"wp-block-heading has-large-font-size\" id=\"h-zelite-da-vam-svetujemo-kako-povecati-zvestobo-obstojecih-kupcev-ali-privabiti-nove-goste\">\u017delite, da vam svetujemo, kako pove\u010dati zvestobo obstoje\u010dih kupcev ali privabiti nove goste?<\/h2>\n\n\n\n<div style=\"height:62px\" aria-hidden=\"true\" class=\"wp-block-spacer\"><\/div>\n\n\n\n<div class=\"wp-block-buttons is-content-justification-left is-layout-flex wp-container-core-buttons-is-layout-fc4fd283 wp-block-buttons-is-layout-flex\">\n<div class=\"wp-block-button has-custom-width wp-block-button__width-75\"><a class=\"wp-block-button__link wp-element-button\" href=\"http:\/\/orderandpayonline.eu\/kontakt\/\">Kontaktirajte nas!<\/a><\/div>\n<\/div>\n<\/div>\n\n\n\n<div class=\"wp-block-column is-vertically-aligned-center is-layout-flow wp-block-column-is-layout-flow\" style=\"flex-basis:50%\">\n<figure class=\"wp-block-image size-full is-resized is-style-rounded is-style-rounded--1\"><img loading=\"lazy\" decoding=\"async\" width=\"2000\" height=\"1334\" src=\"http:\/\/orderandpayonline.eu\/wp-content\/uploads\/2024\/08\/unrecognisable-woman-thinking-office.jpg\" alt=\"\" class=\"wp-image-2013\" style=\"aspect-ratio:1.3333333333333333;object-fit:cover;width:588px;height:auto\" srcset=\"http:\/\/orderandpayonline.eu\/wp-content\/uploads\/2024\/08\/unrecognisable-woman-thinking-office.jpg 2000w, http:\/\/orderandpayonline.eu\/wp-content\/uploads\/2024\/08\/unrecognisable-woman-thinking-office-300x200.jpg 300w, http:\/\/orderandpayonline.eu\/wp-content\/uploads\/2024\/08\/unrecognisable-woman-thinking-office-1024x683.jpg 1024w, http:\/\/orderandpayonline.eu\/wp-content\/uploads\/2024\/08\/unrecognisable-woman-thinking-office-768x512.jpg 768w, http:\/\/orderandpayonline.eu\/wp-content\/uploads\/2024\/08\/unrecognisable-woman-thinking-office-1536x1025.jpg 1536w\" sizes=\"auto, (max-width: 2000px) 100vw, 2000px\" \/><\/figure>\n<\/div>\n<\/div>\n<\/div>\n","protected":false},"excerpt":{"rendered":"<p>Darilni boni Pustite svojim gostom, da po\u0161ljejo darilni bon svojim najbli\u017ejim! V konkuren\u010dnem svetu gostinstva in hotelirstva je klju\u010dno, da gostom ponudite vrhunsko izku\u0161njo. Z uporabo Order &amp; Pay Online lahko va\u0161e podjetje preprosto ustvarja in upravlja digitalne darilne bone. Gostje bodo lahko bon kupili online in ga prejeli v digitalni obliki, kar omogo\u010da hitro [&hellip;]<\/p>\n","protected":false},"author":9,"featured_media":0,"parent":0,"menu_order":2,"comment_status":"closed","ping_status":"closed","template":"page-with-sidebar","meta":{"tpgb_global_settings":"","_kadence_starter_templates_imported_post":false,"footnotes":""},"class_list":["post-2000","page","type-page","status-publish","hentry"],"yoast_head":"<!-- This site is optimized with the Yoast SEO Premium plugin v23.0 (Yoast SEO v24.6) - https:\/\/yoast.com\/wordpress\/plugins\/seo\/ -->\n<title>Darilni boni - No Blog Title Set<\/title>\n<meta name=\"robots\" content=\"index, follow, max-snippet:-1, max-image-preview:large, max-video-preview:-1\" \/>\n<link rel=\"canonical\" href=\"https:\/\/orderandpayonline.eu\/sl\/darilni-boni\/\" \/>\n<meta property=\"og:locale\" content=\"sl_SI\" \/>\n<meta property=\"og:type\" content=\"article\" \/>\n<meta property=\"og:title\" content=\"Darilni boni\" \/>\n<meta property=\"og:description\" content=\"Darilni boni Pustite svojim gostom, da po\u0161ljejo darilni bon svojim najbli\u017ejim! V konkuren\u010dnem svetu gostinstva in hotelirstva je klju\u010dno, da gostom ponudite vrhunsko izku\u0161njo. Z uporabo Order &amp; Pay Online lahko va\u0161e podjetje preprosto ustvarja in upravlja digitalne darilne bone. Gostje bodo lahko bon kupili online in ga prejeli v digitalni obliki, kar omogo\u010da hitro [&hellip;]\" \/>\n<meta property=\"og:url\" content=\"https:\/\/orderandpayonline.eu\/sl\/darilni-boni\/\" \/>\n<meta property=\"og:site_name\" content=\"No Blog Title Set\" \/>\n<meta property=\"article:modified_time\" content=\"2025-06-18T11:39:12+00:00\" \/>\n<meta property=\"og:image\" content=\"http:\/\/orderandpayonline.eu\/wp-content\/uploads\/2024\/08\/unrecognisable-woman-thinking-office.jpg\" \/>\n<meta name=\"twitter:card\" content=\"summary_large_image\" \/>\n<meta name=\"twitter:label1\" content=\"Est. reading time\" \/>\n\t<meta name=\"twitter:data1\" content=\"2 minuti\" \/>\n<script type=\"application\/ld+json\" class=\"yoast-schema-graph\">{\"@context\":\"https:\/\/schema.org\",\"@graph\":[{\"@type\":\"WebPage\",\"@id\":\"https:\/\/orderandpayonline.eu\/sl\/darilni-boni\/\",\"url\":\"https:\/\/orderandpayonline.eu\/sl\/darilni-boni\/\",\"name\":\"Darilni boni - No Blog Title Set\",\"isPartOf\":{\"@id\":\"http:\/\/orderandpayonline.eu\/#website\"},\"primaryImageOfPage\":{\"@id\":\"https:\/\/orderandpayonline.eu\/sl\/darilni-boni\/#primaryimage\"},\"image\":{\"@id\":\"https:\/\/orderandpayonline.eu\/sl\/darilni-boni\/#primaryimage\"},\"thumbnailUrl\":\"http:\/\/orderandpayonline.eu\/wp-content\/uploads\/2024\/08\/unrecognisable-woman-thinking-office.jpg\",\"datePublished\":\"2024-08-13T11:15:03+00:00\",\"dateModified\":\"2025-06-18T11:39:12+00:00\",\"breadcrumb\":{\"@id\":\"https:\/\/orderandpayonline.eu\/sl\/darilni-boni\/#breadcrumb\"},\"inLanguage\":\"sl-SI\",\"potentialAction\":[{\"@type\":\"ReadAction\",\"target\":[\"https:\/\/orderandpayonline.eu\/sl\/darilni-boni\/\"]}]},{\"@type\":\"ImageObject\",\"inLanguage\":\"sl-SI\",\"@id\":\"https:\/\/orderandpayonline.eu\/sl\/darilni-boni\/#primaryimage\",\"url\":\"http:\/\/orderandpayonline.eu\/wp-content\/uploads\/2024\/08\/unrecognisable-woman-thinking-office.jpg\",\"contentUrl\":\"http:\/\/orderandpayonline.eu\/wp-content\/uploads\/2024\/08\/unrecognisable-woman-thinking-office.jpg\"},{\"@type\":\"BreadcrumbList\",\"@id\":\"https:\/\/orderandpayonline.eu\/sl\/darilni-boni\/#breadcrumb\",\"itemListElement\":[{\"@type\":\"ListItem\",\"position\":1,\"name\":\"Home\",\"item\":\"https:\/\/orderandpayonline.eu\/sl\/\"},{\"@type\":\"ListItem\",\"position\":2,\"name\":\"Darilni boni\"}]},{\"@type\":\"WebSite\",\"@id\":\"http:\/\/orderandpayonline.eu\/#website\",\"url\":\"http:\/\/orderandpayonline.eu\/\",\"name\":\"Order & Pay Online\",\"description\":\"\",\"publisher\":{\"@id\":\"http:\/\/orderandpayonline.eu\/#organization\"},\"potentialAction\":[{\"@type\":\"SearchAction\",\"target\":{\"@type\":\"EntryPoint\",\"urlTemplate\":\"http:\/\/orderandpayonline.eu\/?s={search_term_string}\"},\"query-input\":{\"@type\":\"PropertyValueSpecification\",\"valueRequired\":true,\"valueName\":\"search_term_string\"}}],\"inLanguage\":\"sl-SI\"},{\"@type\":\"Organization\",\"@id\":\"http:\/\/orderandpayonline.eu\/#organization\",\"name\":\"Mintable\",\"url\":\"http:\/\/orderandpayonline.eu\/\",\"logo\":{\"@type\":\"ImageObject\",\"inLanguage\":\"sl-SI\",\"@id\":\"http:\/\/orderandpayonline.eu\/#\/schema\/logo\/image\/\",\"url\":\"http:\/\/orderandpayonline.eu\/wp-content\/uploads\/2024\/01\/Artboard-2.png\",\"contentUrl\":\"http:\/\/orderandpayonline.eu\/wp-content\/uploads\/2024\/01\/Artboard-2.png\",\"width\":2467,\"height\":819,\"caption\":\"Mintable\"},\"image\":{\"@id\":\"http:\/\/orderandpayonline.eu\/#\/schema\/logo\/image\/\"}}]}<\/script>\n<!-- \/ Yoast SEO Premium plugin. -->","yoast_head_json":{"title":"Darilni boni - No Blog Title Set","robots":{"index":"index","follow":"follow","max-snippet":"max-snippet:-1","max-image-preview":"max-image-preview:large","max-video-preview":"max-video-preview:-1"},"canonical":"https:\/\/orderandpayonline.eu\/sl\/darilni-boni\/","og_locale":"sl_SI","og_type":"article","og_title":"Darilni boni","og_description":"Darilni boni Pustite svojim gostom, da po\u0161ljejo darilni bon svojim najbli\u017ejim! V konkuren\u010dnem svetu gostinstva in hotelirstva je klju\u010dno, da gostom ponudite vrhunsko izku\u0161njo. Z uporabo Order &amp; Pay Online lahko va\u0161e podjetje preprosto ustvarja in upravlja digitalne darilne bone. Gostje bodo lahko bon kupili online in ga prejeli v digitalni obliki, kar omogo\u010da hitro [&hellip;]","og_url":"https:\/\/orderandpayonline.eu\/sl\/darilni-boni\/","og_site_name":"No Blog Title Set","article_modified_time":"2025-06-18T11:39:12+00:00","og_image":[{"url":"http:\/\/orderandpayonline.eu\/wp-content\/uploads\/2024\/08\/unrecognisable-woman-thinking-office.jpg","type":"","width":"","height":""}],"twitter_card":"summary_large_image","twitter_misc":{"Est. reading time":"2 minuti"},"schema":{"@context":"https:\/\/schema.org","@graph":[{"@type":"WebPage","@id":"https:\/\/orderandpayonline.eu\/sl\/darilni-boni\/","url":"https:\/\/orderandpayonline.eu\/sl\/darilni-boni\/","name":"Darilni boni - No Blog Title Set","isPartOf":{"@id":"http:\/\/orderandpayonline.eu\/#website"},"primaryImageOfPage":{"@id":"https:\/\/orderandpayonline.eu\/sl\/darilni-boni\/#primaryimage"},"image":{"@id":"https:\/\/orderandpayonline.eu\/sl\/darilni-boni\/#primaryimage"},"thumbnailUrl":"http:\/\/orderandpayonline.eu\/wp-content\/uploads\/2024\/08\/unrecognisable-woman-thinking-office.jpg","datePublished":"2024-08-13T11:15:03+00:00","dateModified":"2025-06-18T11:39:12+00:00","breadcrumb":{"@id":"https:\/\/orderandpayonline.eu\/sl\/darilni-boni\/#breadcrumb"},"inLanguage":"sl-SI","potentialAction":[{"@type":"ReadAction","target":["https:\/\/orderandpayonline.eu\/sl\/darilni-boni\/"]}]},{"@type":"ImageObject","inLanguage":"sl-SI","@id":"https:\/\/orderandpayonline.eu\/sl\/darilni-boni\/#primaryimage","url":"http:\/\/orderandpayonline.eu\/wp-content\/uploads\/2024\/08\/unrecognisable-woman-thinking-office.jpg","contentUrl":"http:\/\/orderandpayonline.eu\/wp-content\/uploads\/2024\/08\/unrecognisable-woman-thinking-office.jpg"},{"@type":"BreadcrumbList","@id":"https:\/\/orderandpayonline.eu\/sl\/darilni-boni\/#breadcrumb","itemListElement":[{"@type":"ListItem","position":1,"name":"Home","item":"https:\/\/orderandpayonline.eu\/sl\/"},{"@type":"ListItem","position":2,"name":"Darilni boni"}]},{"@type":"WebSite","@id":"http:\/\/orderandpayonline.eu\/#website","url":"http:\/\/orderandpayonline.eu\/","name":"Order & Pay Online","description":"","publisher":{"@id":"http:\/\/orderandpayonline.eu\/#organization"},"potentialAction":[{"@type":"SearchAction","target":{"@type":"EntryPoint","urlTemplate":"http:\/\/orderandpayonline.eu\/?s={search_term_string}"},"query-input":{"@type":"PropertyValueSpecification","valueRequired":true,"valueName":"search_term_string"}}],"inLanguage":"sl-SI"},{"@type":"Organization","@id":"http:\/\/orderandpayonline.eu\/#organization","name":"Mintable","url":"http:\/\/orderandpayonline.eu\/","logo":{"@type":"ImageObject","inLanguage":"sl-SI","@id":"http:\/\/orderandpayonline.eu\/#\/schema\/logo\/image\/","url":"http:\/\/orderandpayonline.eu\/wp-content\/uploads\/2024\/01\/Artboard-2.png","contentUrl":"http:\/\/orderandpayonline.eu\/wp-content\/uploads\/2024\/01\/Artboard-2.png","width":2467,"height":819,"caption":"Mintable"},"image":{"@id":"http:\/\/orderandpayonline.eu\/#\/schema\/logo\/image\/"}}]}},"tpgb_featured_images":null,"tpgb_post_meta_info":{"get_date":"13. avgusta, 2024","get_modified_date":"18. junija, 2025","author_name":"Mateja Arh","author_url":"http:\/\/orderandpayonline.eu\/sl\/author\/mateja\/","author_email":"mateja@spletarna.com","author_website":"","author_description":"","author_facebook":"","author_twitter":"","author_instagram":"","author_role":["administrator"],"author_firstname":"Mateja","author_lastname":"Arh","user_login":"Mateja","author_avatar":"<img alt='' src='https:\/\/secure.gravatar.com\/avatar\/756e3a25eb79e9c86be9884fcf9d2479f95ee46cd8346cc1ca49ac64335b0f84?s=200&#038;d=mm&#038;r=g' srcset='https:\/\/secure.gravatar.com\/avatar\/756e3a25eb79e9c86be9884fcf9d2479f95ee46cd8346cc1ca49ac64335b0f84?s=400&#038;d=mm&#038;r=g 2x' class='avatar avatar-200 photo' height='200' width='200' loading='lazy' decoding='async'\/>","author_avatar_url":"https:\/\/secure.gravatar.com\/avatar\/756e3a25eb79e9c86be9884fcf9d2479f95ee46cd8346cc1ca49ac64335b0f84?s=96&d=mm&r=g","comment_count":0,"post_likes":0,"post_views":0},"tpgb_post_category":[],"_links":{"self":[{"href":"http:\/\/orderandpayonline.eu\/sl\/wp-json\/wp\/v2\/pages\/2000","targetHints":{"allow":["GET"]}}],"collection":[{"href":"http:\/\/orderandpayonline.eu\/sl\/wp-json\/wp\/v2\/pages"}],"about":[{"href":"http:\/\/orderandpayonline.eu\/sl\/wp-json\/wp\/v2\/types\/page"}],"author":[{"embeddable":true,"href":"http:\/\/orderandpayonline.eu\/sl\/wp-json\/wp\/v2\/users\/9"}],"replies":[{"embeddable":true,"href":"http:\/\/orderandpayonline.eu\/sl\/wp-json\/wp\/v2\/comments?post=2000"}],"version-history":[{"count":17,"href":"http:\/\/orderandpayonline.eu\/sl\/wp-json\/wp\/v2\/pages\/2000\/revisions"}],"predecessor-version":[{"id":3887,"href":"http:\/\/orderandpayonline.eu\/sl\/wp-json\/wp\/v2\/pages\/2000\/revisions\/3887"}],"wp:attachment":[{"href":"http:\/\/orderandpayonline.eu\/sl\/wp-json\/wp\/v2\/media?parent=2000"}],"curies":[{"name":"wp","href":"https:\/\/api.w.org\/{rel}","templated":true}]}}